{"id":2086,"date":"2020-02-27T17:08:08","date_gmt":"2020-02-27T22:08:08","guid":{"rendered":"https:\/\/gpsites.co\/avery\/?page_id=2086"},"modified":"2024-02-14T10:38:31","modified_gmt":"2024-02-14T09:38:31","slug":"contact","status":"publish","type":"page","link":"https:\/\/lepalaisdupacha.com\/index.php\/contact\/","title":{"rendered":"Contact"},"content":{"rendered":"\t\t<div data-elementor-type=\"wp-page\" data-elementor-id=\"2086\" class=\"elementor elementor-2086\">\n\t\t\t\t<div class=\"elementor-element elementor-element-27100792 e-flex e-con-boxed e-con e-parent\" data-id=\"27100792\" data-element_type=\"container\">\n\t\t\t\t\t<div class=\"e-con-inner\">\n\t\t\t\t<div class=\"elementor-element elementor-element-212acbd4 elementor-widget elementor-widget-text-editor\" data-id=\"212acbd4\" data-element_type=\"widget\" data-widget_type=\"text-editor.default\">\n\t\t\t\t<div class=\"elementor-widget-container\">\n\t\t\t\t\t\t\t\t\t<div class=\"gb-container gb-container-2761b1e2\">\n<h2 class=\"gb-headline gb-headline-2a4c27f3\"><span class=\"gb-headline-text\">N&rsquo;h\u00e9sitez pas \u00e0 nous contacter si vous avez la moindre question !<\/span><\/h2>\n<\/div>\t\t\t\t\t\t\t\t<\/div>\n\t\t\t\t<\/div>\n\t\t\t\t\t<\/div>\n\t\t\t\t<\/div>\n\t\t<div class=\"elementor-element elementor-element-a0811cf e-flex e-con-boxed e-con e-parent\" data-id=\"a0811cf\" data-element_type=\"container\">\n\t\t\t\t\t<div class=\"e-con-inner\">\n\t\t\t\t<div class=\"elementor-element elementor-element-d30ecfe elementor-widget elementor-widget-shortcode\" data-id=\"d30ecfe\" data-element_type=\"widget\" data-widget_type=\"shortcode.default\">\n\t\t\t\t<div class=\"elementor-widget-container\">\n\t\t\t\t\t\t\t<div class=\"elementor-shortcode\"><div class=\"forminator-ui forminator-custom-form forminator-custom-form-3556 forminator-design--material  forminator_ajax\" data-forminator-render=\"0\" data-form=\"forminator-module-3556\" data-uid=\"69fb30caa6bf3\"><br\/><\/div><form\n\t\t\t\tid=\"forminator-module-3556\"\n\t\t\t\tclass=\"forminator-ui forminator-custom-form forminator-custom-form-3556 forminator-design--material  forminator_ajax\"\n\t\t\t\tmethod=\"post\"\n\t\t\t\tdata-forminator-render=\"0\"\n\t\t\t\tdata-form-id=\"3556\"\n\t\t\t\t data-color-option=\"default\" data-design=\"material\" data-grid=\"open\" style=\"display: none;\"\n\t\t\t\tdata-uid=\"69fb30caa6bf3\"\n\t\t\t><div role=\"alert\" aria-live=\"polite\" class=\"forminator-response-message forminator-error\" aria-hidden=\"true\"><\/div><div class=\"forminator-row\"><div id=\"name-1\" class=\"forminator-field-name forminator-col forminator-col-12 \"><div class=\"forminator-field\"><label for=\"forminator-field-name-1_69fb30caa6bf3\" id=\"forminator-field-name-1_69fb30caa6bf3-label\" class=\"forminator-label\">Pr\u00e9nom <span class=\"forminator-required\">*<\/span><\/label><input type=\"text\" name=\"name-1\" value=\"\" placeholder=\"Par exemple\u00a0: Jean\" id=\"forminator-field-name-1_69fb30caa6bf3\" class=\"forminator-input forminator-name--field\" aria-required=\"true\" autocomplete=\"name\" \/><\/div><\/div><\/div><div class=\"forminator-row\"><div id=\"email-1\" class=\"forminator-field-email forminator-col forminator-col-12 \"><div class=\"forminator-field\"><label for=\"forminator-field-email-1_69fb30caa6bf3\" id=\"forminator-field-email-1_69fb30caa6bf3-label\" class=\"forminator-label\">Adresse de messagerie <span class=\"forminator-required\">*<\/span><\/label><input type=\"email\" name=\"email-1\" value=\"\" placeholder=\"Par exemple\u00a0: jacques@martin.com\" id=\"forminator-field-email-1_69fb30caa6bf3\" class=\"forminator-input forminator-email--field\" data-required=\"true\" aria-required=\"true\" autocomplete=\"email\" \/><\/div><\/div><\/div><div class=\"forminator-row\"><div id=\"phone-1\" class=\"forminator-field-phone forminator-col forminator-col-12 \"><div class=\"forminator-field\"><label for=\"forminator-field-phone-1_69fb30caa6bf3\" id=\"forminator-field-phone-1_69fb30caa6bf3-label\" class=\"forminator-label\">Num\u00e9ro de t\u00e9l\u00e9phone <span class=\"forminator-required\">*<\/span><\/label><input type=\"text\" name=\"phone-1\" value=\"\" placeholder=\"Par exemple\u00a0: +1 02 03 04 05\" id=\"forminator-field-phone-1_69fb30caa6bf3\" class=\"forminator-input forminator-field--phone\" data-required=\"1\" aria-required=\"true\" autocomplete=\"off\" \/><\/div><\/div><\/div><div class=\"forminator-row\"><div id=\"textarea-1\" class=\"forminator-field-textarea forminator-col forminator-col-12 \"><div class=\"forminator-field\"><label for=\"forminator-field-textarea-1_69fb30caa6bf3\" id=\"forminator-field-textarea-1_69fb30caa6bf3-label\" class=\"forminator-label\">Message<\/label><textarea name=\"textarea-1\" placeholder=\"Saisissez votre message\u2026\" id=\"forminator-field-textarea-1_69fb30caa6bf3\" class=\"forminator-textarea\" rows=\"6\" style=\"--forminator-textarea-min-height:140px;\" maxlength=\"180\" ><\/textarea><span id=\"forminator-field-textarea-1_69fb30caa6bf3-description\" class=\"forminator-description\"><span data-limit=\"180\" data-type=\"characters\" data-editor=\"\">0 \/ 180<\/span><\/span><\/div><\/div><\/div><input type=\"hidden\" name=\"referer_url\" value=\"\" \/><div class=\"forminator-row forminator-row-last\"><div class=\"forminator-col\"><div class=\"forminator-field\"><button class=\"forminator-button forminator-button-submit\"><span>Envoyer le message<\/span><span aria-hidden=\"true\"><\/span><\/button><\/div><\/div><\/div><input type=\"hidden\" id=\"forminator_nonce\" name=\"forminator_nonce\" value=\"97c85bb5f2\" \/><input type=\"hidden\" name=\"_wp_http_referer\" value=\"\/index.php\/wp-json\/wp\/v2\/pages\/2086\" \/><input type=\"hidden\" name=\"form_id\" value=\"3556\"><input type=\"hidden\" name=\"page_id\" value=\"2086\"><input type=\"hidden\" name=\"form_type\" value=\"default\"><input type=\"hidden\" name=\"current_url\" value=\"https:\/\/lepalaisdupacha.com\/index.php\/contact\/\"><input type=\"hidden\" name=\"render_id\" value=\"0\"><input type=\"hidden\" name=\"action\" value=\"forminator_submit_form_custom-forms\"><\/form><\/div>\n\t\t\t\t\t\t<\/div>\n\t\t\t\t<\/div>\n\t\t\t\t\t<\/div>\n\t\t\t\t<\/div>\n\t\t<div class=\"elementor-element elementor-element-86fe3b8 e-flex e-con-boxed e-con e-parent\" data-id=\"86fe3b8\" data-element_type=\"container\">\n\t\t\t\t\t<div class=\"e-con-inner\">\n\t\t\t\t<div class=\"elementor-element elementor-element-fb3bd16 elementor-widget elementor-widget-image\" data-id=\"fb3bd16\" data-element_type=\"widget\" data-widget_type=\"image.default\">\n\t\t\t\t<div class=\"elementor-widget-container\">\n\t\t\t\t\t\t\t\t\t\t\t\t\t\t\t<img fetchpriority=\"high\" decoding=\"async\" width=\"1024\" height=\"408\" src=\"https:\/\/lepalaisdupacha.com\/wp-content\/uploads\/2024\/02\/AdobeStock_685324899-1024x408.jpeg\" class=\"attachment-large size-large wp-image-3557\" alt=\"hotel pour chat\" srcset=\"https:\/\/lepalaisdupacha.com\/wp-content\/uploads\/2024\/02\/AdobeStock_685324899-1024x408.jpeg 1024w, https:\/\/lepalaisdupacha.com\/wp-content\/uploads\/2024\/02\/AdobeStock_685324899-300x119.jpeg 300w, https:\/\/lepalaisdupacha.com\/wp-content\/uploads\/2024\/02\/AdobeStock_685324899-768x306.jpeg 768w, https:\/\/lepalaisdupacha.com\/wp-content\/uploads\/2024\/02\/AdobeStock_685324899-1536x612.jpeg 1536w, https:\/\/lepalaisdupacha.com\/wp-content\/uploads\/2024\/02\/AdobeStock_685324899-2048x815.jpeg 2048w\" sizes=\"(max-width: 1024px) 100vw, 1024px\" \/>\t\t\t\t\t\t\t\t\t\t\t\t\t\t\t<\/div>\n\t\t\t\t<\/div>\n\t\t\t\t\t<\/div>\n\t\t\t\t<\/div>\n\t\t\t\t<\/div>\n\t\t","protected":false},"excerpt":{"rendered":"<p> &#8230; <a title=\"Contact\" class=\"read-more\" href=\"https:\/\/lepalaisdupacha.com\/index.php\/contact\/\" aria-label=\"Read more about Contact\">Read More<\/a><\/p>\n","protected":false},"author":1,"featured_media":0,"parent":0,"menu_order":0,"comment_status":"closed","ping_status":"closed","template":"","meta":{"footnotes":""},"aioseo_notices":[],"_links":{"self":[{"href":"https:\/\/lepalaisdupacha.com\/index.php\/wp-json\/wp\/v2\/pages\/2086"}],"collection":[{"href":"https:\/\/lepalaisdupacha.com\/index.php\/wp-json\/wp\/v2\/pages"}],"about":[{"href":"https:\/\/lepalaisdupacha.com\/index.php\/wp-json\/wp\/v2\/types\/page"}],"author":[{"embeddable":true,"href":"https:\/\/lepalaisdupacha.com\/index.php\/wp-json\/wp\/v2\/users\/1"}],"replies":[{"embeddable":true,"href":"https:\/\/lepalaisdupacha.com\/index.php\/wp-json\/wp\/v2\/comments?post=2086"}],"version-history":[{"count":7,"href":"https:\/\/lepalaisdupacha.com\/index.php\/wp-json\/wp\/v2\/pages\/2086\/revisions"}],"predecessor-version":[{"id":3560,"href":"https:\/\/lepalaisdupacha.com\/index.php\/wp-json\/wp\/v2\/pages\/2086\/revisions\/3560"}],"wp:attachment":[{"href":"https:\/\/lepalaisdupacha.com\/index.php\/wp-json\/wp\/v2\/media?parent=2086"}],"curies":[{"name":"wp","href":"https:\/\/api.w.org\/{rel}","templated":true}]}}